{"id":2738,"date":"2025-11-12T13:25:50","date_gmt":"2025-11-12T12:25:50","guid":{"rendered":"https:\/\/www.kerngenusshuber.com\/?post_type=product&#038;p=2738"},"modified":"2025-11-12T21:10:58","modified_gmt":"2025-11-12T20:10:58","slug":"kuerbiskernoel-05l","status":"publish","type":"product","link":"https:\/\/www.kerngenusshuber.com\/en\/product\/kuerbiskernoel-05l\/","title":{"rendered":"K\u00fcrbiskern\u00f6l 0,5l"},"content":{"rendered":"<p data-start=\"110\" data-end=\"429\">Unser K\u00fcrbiskern\u00f6l \u2013 der Geschmack echter Qualit\u00e4t.<br data-start=\"165\" data-end=\"168\" \/>Aus 100 % \u00f6sterreichischen K\u00fcrbiskernen schonend gepresst, \u00fcberzeugt unser \u00d6l mit seinem nussig-intensiven Aroma und einer tiefgr\u00fcnen Farbe. Perfekt f\u00fcr Salate, Suppen oder einfach zum Verfeinern \u2013 ein regionaler Genussmoment, der jedes Gericht aufwertet.<\/p>","protected":false},"excerpt":{"rendered":"<table style=\"border-collapse: collapse; width: 100%;\" border=\"1\" cellspacing=\"0\" cellpadding=\"5\">\n<tbody>\n<tr>\n<th colspan=\"2\">N\u00e4hrwerte pro 100\u00a0ml<\/th>\n<\/tr>\n<tr>\n<td>Energy value<\/td>\n<td>3.408\u00a0kJ \/ 828\u00a0kcal<\/td>\n<\/tr>\n<tr>\n<td>Fat<\/td>\n<td>92\u00a0g<\/td>\n<\/tr>\n<tr>\n<td>\u2013 of which saturates<\/td>\n<td>18\u00a0g<\/td>\n<\/tr>\n<tr>\n<td>Carbohydrates<\/td>\n<td>0\u00a0g<\/td>\n<\/tr>\n<tr>\n<td>\u2013 of which sugars<\/td>\n<td>0\u00a0g<\/td>\n<\/tr>\n<tr>\n<td>Protein<\/td>\n<td>0\u00a0g<\/td>\n<\/tr>\n<tr>\n<td>Salt<\/td>\n<td>0\u00a0g<\/td>\n<\/tr>\n<\/tbody>\n<\/table>","protected":false},"featured_media":2739,"comment_status":"open","ping_status":"closed","template":"","meta":[],"product_brand":[],"product_cat":[45],"product_tag":[64],"class_list":{"0":"post-2738","1":"product","2":"type-product","3":"status-publish","4":"has-post-thumbnail","6":"product_cat-kuerbiskernoel","7":"product_tag-kuerbiskernoel","9":"first","10":"instock","11":"taxable","12":"shipping-taxable","13":"product-type-simple"},"_links":{"self":[{"href":"https:\/\/www.kerngenusshuber.com\/en\/wp-json\/wp\/v2\/product\/2738","targetHints":{"allow":["GET"]}}],"collection":[{"href":"https:\/\/www.kerngenusshuber.com\/en\/wp-json\/wp\/v2\/product"}],"about":[{"href":"https:\/\/www.kerngenusshuber.com\/en\/wp-json\/wp\/v2\/types\/product"}],"replies":[{"embeddable":true,"href":"https:\/\/www.kerngenusshuber.com\/en\/wp-json\/wp\/v2\/comments?post=2738"}],"version-history":[{"count":2,"href":"https:\/\/www.kerngenusshuber.com\/en\/wp-json\/wp\/v2\/product\/2738\/revisions"}],"predecessor-version":[{"id":2741,"href":"https:\/\/www.kerngenusshuber.com\/en\/wp-json\/wp\/v2\/product\/2738\/revisions\/2741"}],"wp:featuredmedia":[{"embeddable":true,"href":"https:\/\/www.kerngenusshuber.com\/en\/wp-json\/wp\/v2\/media\/2739"}],"wp:attachment":[{"href":"https:\/\/www.kerngenusshuber.com\/en\/wp-json\/wp\/v2\/media?parent=2738"}],"wp:term":[{"taxonomy":"product_brand","embeddable":true,"href":"https:\/\/www.kerngenusshuber.com\/en\/wp-json\/wp\/v2\/product_brand?post=2738"},{"taxonomy":"product_cat","embeddable":true,"href":"https:\/\/www.kerngenusshuber.com\/en\/wp-json\/wp\/v2\/product_cat?post=2738"},{"taxonomy":"product_tag","embeddable":true,"href":"https:\/\/www.kerngenusshuber.com\/en\/wp-json\/wp\/v2\/product_tag?post=2738"}],"curies":[{"name":"wp","href":"https:\/\/api.w.org\/{rel}","templated":true}]}}