{"id":292,"date":"2024-11-01T13:51:51","date_gmt":"2024-11-01T12:51:51","guid":{"rendered":"https:\/\/www.kerngenusshuber.com\/?page_id=292"},"modified":"2025-05-26T20:29:57","modified_gmt":"2025-05-26T18:29:57","slug":"datenschutz","status":"publish","type":"page","link":"https:\/\/www.kerngenusshuber.com\/en\/datenschutz\/","title":{"rendered":"Privacy Policy"},"content":{"rendered":"\t\t<div data-elementor-type=\"wp-page\" data-elementor-id=\"292\" class=\"elementor elementor-292\" data-elementor-post-type=\"page\">\n\t\t\t\t<div class=\"elementor-element elementor-element-b9288d9 e-flex e-con-boxed elementor-invisible e-con e-parent\" data-id=\"b9288d9\" data-element_type=\"container\" data-e-type=\"container\" data-settings=\"{&quot;animation&quot;:&quot;fadeIn&quot;}\">\n\t\t\t\t\t<div class=\"e-con-inner\">\n\t\t\t\t<div class=\"elementor-element elementor-element-56c1b77 elementor-widget__width-inherit elementor-widget elementor-widget-heading\" data-id=\"56c1b77\" data-element_type=\"widget\" data-e-type=\"widget\" data-widget_type=\"heading.default\">\n\t\t\t\t<div class=\"elementor-widget-container\">\n\t\t\t\t\t<h2 class=\"elementor-heading-title elementor-size-default\">Datenschutz<\/h2>\t\t\t\t<\/div>\n\t\t\t\t<\/div>\n\t\t\t\t\t<\/div>\n\t\t\t\t<\/div>\n\t\t<div class=\"elementor-element elementor-element-227fb9c e-flex e-con-boxed elementor-invisible e-con e-parent\" data-id=\"227fb9c\" data-element_type=\"container\" data-e-type=\"container\" data-settings=\"{&quot;animation&quot;:&quot;fadeIn&quot;}\">\n\t\t\t\t\t<div class=\"e-con-inner\">\n\t\t\t\t<div class=\"elementor-element elementor-element-335f250 elementor-widget__width-inherit elementor-widget elementor-widget-text-editor\" data-id=\"335f250\" data-element_type=\"widget\" data-e-type=\"widget\" data-widget_type=\"text-editor.default\">\n\t\t\t\t<div class=\"elementor-widget-container\">\n\t\t\t\t\t\t\t\t\t<p>F\u00fcr den Inhalt der Webseite www.kerngenusshuber.com verantwortlich ist:<\/p>\t\t\t\t\t\t\t\t<\/div>\n\t\t\t\t<\/div>\n\t\t\t\t\t<\/div>\n\t\t\t\t<\/div>\n\t\t<div class=\"elementor-element elementor-element-22492b1 e-flex e-con-boxed elementor-invisible e-con e-parent\" data-id=\"22492b1\" data-element_type=\"container\" data-e-type=\"container\" data-settings=\"{&quot;animation&quot;:&quot;fadeIn&quot;}\">\n\t\t\t\t\t<div class=\"e-con-inner\">\n\t\t\t\t<div class=\"elementor-element elementor-element-629cd3b elementor-widget__width-inherit elementor-widget elementor-widget-text-editor\" data-id=\"629cd3b\" data-element_type=\"widget\" data-e-type=\"widget\" data-widget_type=\"text-editor.default\">\n\t\t\t\t<div class=\"elementor-widget-container\">\n\t\t\t\t\t\t\t\t\t<p><span style=\"color: #6eaa27;\"><strong>Manfred Huber<\/strong><\/span><\/p><p>Steindl 107<\/p><p>4342 Baumgartenberg<\/p><p>Tel.: + 43 660 111 80 14<\/p><p>E-Mail: manfred.huber@kerngenusshuber.com<\/p>\t\t\t\t\t\t\t\t<\/div>\n\t\t\t\t<\/div>\n\t\t\t\t\t<\/div>\n\t\t\t\t<\/div>\n\t\t<div class=\"elementor-element elementor-element-0be8d60 e-flex e-con-boxed elementor-invisible e-con e-parent\" data-id=\"0be8d60\" data-element_type=\"container\" data-e-type=\"container\" data-settings=\"{&quot;animation&quot;:&quot;fadeIn&quot;}\">\n\t\t\t\t\t<div class=\"e-con-inner\">\n\t\t\t\t<div class=\"elementor-element elementor-element-f8761b5 elementor-widget elementor-widget-text-editor\" data-id=\"f8761b5\" data-element_type=\"widget\" data-e-type=\"widget\" data-widget_type=\"text-editor.default\">\n\t\t\t\t<div class=\"elementor-widget-container\">\n\t\t\t\t\t\t\t\t\t<p><strong><span style=\"color: #6eaa27;\">Erkl\u00e4rung zur Informationspflicht (Datenschutzerkl\u00e4rung):<\/span><\/strong><\/p><p>Der Schutz Ihrer pers\u00f6nlichen Daten ist uns ein besonderes Anliegen. Wir verarbeiten Ihre Daten daher ausschlie\u00dflich auf Grundlage der gesetzlichen Bestimmungen (DSGVO, TKG 2003). In diesen Datenschutzinformationen informieren wir Sie \u00fcber die wichtigsten Aspekte der Datenverarbeitung im Rahmen unserer Webseite.<\/p><p>\u00a0<\/p><p><strong><span style=\"color: #6eaa27;\">Kontakt mit uns:<\/span><\/strong><\/p><p>Wenn Sie per Formular auf der Webseite oder per E-Mail Kontakt mit uns aufnehmen, werden Ihre angegeben Daten zwecks Bearbeitung der Anfrage und f\u00fcr den Fall von Anschlussfragen sechs Monate bei uns gespeichert. Diese Daten geben wir nicht ohne Ihre Einwilligung weiter.<\/p><p>\u00a0<\/p><p><strong><span style=\"color: #6eaa27;\">Datenspeicherung:<\/span><\/strong><\/p><p>Wir weisen darauf hin, dass zum Zweck des einfacheren Einkaufsvorganges und zur sp\u00e4teren Vertragsabwicklung vom Webshop-Betreiber im Rahmen von Cookies die IP-Daten des Anschlussinhabers gespeichert werden, ebenso wie Name, Anschrift und Kreditkartennummer [&#8230;] des K\u00e4ufers.<\/p><p>Dar\u00fcber hinaus werden zum Zweck der Vertragsabwicklung folgende Daten auch bei uns gespeichert: Name, Telefon-Nr., Adresse, Ort.\u00a0<\/p><p>Die von Ihnen bereit gestellten Daten sind zur Vertragserf\u00fcllung bzw. zur Durchf\u00fchrung vorvertraglicher Ma\u00dfnahmen erforderlich. Ohne diese Daten k\u00f6nnen wir den Vertrag mit Ihnen nicht abschlie\u00dfen. Eine Daten\u00fcbermittlung an Dritte erfolgt nicht mit Ausnahme der \u00dcbermittlung der Kreditkartendaten an die abwickelnden Bankinstitute\/Zahlungsdienstleister zum Zwecke der Abbuchung des Einkaufspreises, an das von uns beauftragte Transportunternehmen\/Versandunternehmen zur Zustellung der Ware sowie an unseren Steuerberater zur Erf\u00fcllung unserer steuerrechtlichen Verpflichtungen.<\/p><p>Nach Abbruch des Einkaufsvorganges werden die bei uns gespeicherten Daten gel\u00f6scht. Im Falle eines Vertragsabschlusses werden s\u00e4mtliche Daten aus dem Vertragsverh\u00e4ltnis bis zum Ablauf der steuerrechtlichen Aufbewahrungsfrist (7 Jahre) gespeichert.<\/p><p>Die Daten Name, Anschrift, gekaufte Waren und Kaufdatum werden dar\u00fcber hinaus gehend bis zum Ablauf der Produkthaftung (10 Jahre) gespeichert. Die Datenverarbeitung erfolgt auf Basis der gesetzlichen Bestimmungen des \u00a796 Abs 3 TKG sowie des Art 6 Abs 1 lit a (Einwilligung) und\/oder lit b (notwendig zur Vertragserf\u00fcllung) der DSGVO.<\/p><p>\u00a0<\/p><p><strong><span style=\"color: #6eaa27;\">Cookies:<\/span><\/strong><\/p><p>Unsere Webseite verwendet so genannte Cookies. Dabei handelt es sich um kleine Textdateien, die mit Hilfe des Browsers auf Ihrem Endger\u00e4t abgelegt werden. Sie richten keinen Schaden an.<\/p><p>Wir nutzen Cookies dazu, unser Angebot nutzerfreundlich zu gestalten. Einige Cookies bleiben auf Ihrem Endger\u00e4t gespeichert, bis Sie diese l\u00f6schen. Sie erm\u00f6glichen es uns, Ihren Browser beim n\u00e4chsten Besuch wiederzuerkennen.<\/p><p>Wenn Sie dies nicht w\u00fcnschen, so k\u00f6nnen Sie Ihren Browser so einrichten, dass er Sie \u00fcber das Setzen von Cookies informiert und Sie dies nur im Einzelfall erlauben.<\/p><p>Bei der Deaktivierung von Cookies kann die Funktionalit\u00e4t unserer Webseite eingeschr\u00e4nkt sein.<\/p><p>\u00a0<\/p><p><strong><span style=\"color: #6eaa27;\">Web-Analyse:<\/span><\/strong><\/p><p>Unsere Webseite verwendet Funktionen des Webanalysedienstes Google Inc. Dazu werden Cookies verwendet, die eine Analyse der Benutzung der Webseite durch Ihre Benutzer erm\u00f6glicht. Die dadurch erzeugten Informationen werden auf den Server des Anbieters \u00fcbtertragen und dort gespeichert.<\/p><p>\u00a0<\/p><p><strong><span style=\"color: #6eaa27;\">Newsletter:<\/span><\/strong><\/p><p>Sie haben die M\u00f6glichkeit, \u00fcber unsere Webseite unseren Newsletter zu abonnieren. Hierf\u00fcre ben\u00f6tigen wir ihre E-Mail-Adresse und Ihre Erkl\u00e4rung, dass Sie mit dem Bezug des Newsletter einverstanden sind.<\/p><p>Um Sie zielgerichtet mit Informationen zu versorgen, erheben und verarbeiten wir au\u00dferdem freiwillige gemachte Angaben zu Interessengebieten, Geburtstag und PLZ [&#8230;].<\/p><p>Sobald Sie sich f\u00fcr den Newsletter angemeldet haben, senden wir Ihnen ein Best\u00e4tigungs-E-Mail mit einem Link zur Best\u00e4tigung der Anmeldung.<\/p><p>Das Abo des Newsletters k\u00f6nnen Sie jederzeit stornieren. Senden Sie Ihre Stornierung bitte an folgende E-Mail-Adresse: michael.rusz@kerngenusshuber.com<\/p><p>Wir l\u00f6schen anschlie\u00dfend (ASAP) Ihren Daten im Zusammenhang mit dem Newsletter-Versand.<\/p><p>\u00a0<\/p><p><strong><span style=\"color: #6eaa27;\">Ihre Rechte:<\/span><\/strong><\/p><p>Ihnen stehen grunds\u00e4tzlich die Rechte auf Auskunft, Berichtigung, L\u00f6schung, Einschr\u00e4nkung, Daten\u00fcbertragbarkeit, Widerruf und Wiederspruch zu. Wenn Sie glauben, dass die Verarbeitung Ihrer Daten gegen das Datenschutzrecht verst\u00f6\u00dft oder Ihre datenschutzrechtlichen Anspr\u00fcche sonst in eine Weise verletzt worden sind, k\u00f6nnen Sie sich bei der Aufsichtsbeh\u00f6rde beschwerden. In \u00d6sterreich ist dies die Datenschutzbeh\u00f6rde.<\/p><p>\u00a0<\/p><p><strong><span style=\"color: #6eaa27;\">Einbindung von Google Maps:<\/span><\/strong><\/p><p data-start=\"402\" data-end=\"657\">Auf unserer Webseite nutzen wir Google Maps, einen Kartendienst der Google Ireland Limited, Gordon House, Barrow Street, Dublin 4, Irland, um Ihnen interaktive Karten direkt in der Website anzuzeigen und die Anfahrt zu unseren Partnerl\u00e4den zu erleichtern.<\/p><p data-start=\"659\" data-end=\"1001\">Durch das Laden von Google Maps werden Ihre IP-Adresse sowie weitere personenbezogene Daten an Google in den USA \u00fcbertragen. Google nutzt diese Daten unter anderem zu Analyse- und Marketingzwecken. F\u00fcr weitere Informationen zum Umgang mit Nutzerdaten beachten Sie bitte die Datenschutzerkl\u00e4rung von Google: <a class=\"cursor-pointer\" target=\"_new\" rel=\"noopener\" data-start=\"966\" data-end=\"1001\">https:\/\/policies.google.com\/privacy<\/a><\/p><p data-start=\"1003\" data-end=\"1187\">Sie k\u00f6nnen die \u00dcbertragung der Daten an Google verhindern, indem Sie die Nutzung von Google Maps in unserem Cookie-Banner ablehnen oder keine Zustimmung f\u00fcr Marketing-Cookies erteilen.<\/p><p data-start=\"1003\" data-end=\"1187\">\u00a0<\/p><p><strong><span style=\"color: #6eaa27;\">Sie erreichen uns unter folgenden Kontaktdaten:<\/span><\/strong><\/p><p>Telefon: + 43 660 111 80 14<\/p><p>E-Mail: manfred.huber@kerngenusshuber.com<\/p>\t\t\t\t\t\t\t\t<\/div>\n\t\t\t\t<\/div>\n\t\t\t\t\t<\/div>\n\t\t\t\t<\/div>\n\t\t\t\t<\/div>\n\t\t","protected":false},"excerpt":{"rendered":"<p>Datenschutz F\u00fcr den Inhalt der Webseite www.kerngenusshuber.com verantwortlich ist: Manfred Huber Steindl 107 4342 Baumgartenberg Tel.: + 43 660 111 80 14 E-Mail: manfred.huber@kerngenusshuber.com Erkl\u00e4rung zur Informationspflicht (Datenschutzerkl\u00e4rung): Der Schutz Ihrer pers\u00f6nlichen Daten ist uns ein besonderes Anliegen. Wir verarbeiten Ihre Daten daher ausschlie\u00dflich auf Grundlage der gesetzlichen Bestimmungen (DSGVO, TKG 2003). In diesen Datenschutzinformationen [&hellip;]<\/p>\n","protected":false},"author":1,"featured_media":0,"parent":0,"menu_order":0,"comment_status":"closed","ping_status":"closed","template":"","meta":{"footnotes":""},"class_list":["post-292","page","type-page","status-publish","hentry"],"_links":{"self":[{"href":"https:\/\/www.kerngenusshuber.com\/en\/wp-json\/wp\/v2\/pages\/292","targetHints":{"allow":["GET"]}}],"collection":[{"href":"https:\/\/www.kerngenusshuber.com\/en\/wp-json\/wp\/v2\/pages"}],"about":[{"href":"https:\/\/www.kerngenusshuber.com\/en\/wp-json\/wp\/v2\/types\/page"}],"author":[{"embeddable":true,"href":"https:\/\/www.kerngenusshuber.com\/en\/wp-json\/wp\/v2\/users\/1"}],"replies":[{"embeddable":true,"href":"https:\/\/www.kerngenusshuber.com\/en\/wp-json\/wp\/v2\/comments?post=292"}],"version-history":[{"count":79,"href":"https:\/\/www.kerngenusshuber.com\/en\/wp-json\/wp\/v2\/pages\/292\/revisions"}],"predecessor-version":[{"id":2634,"href":"https:\/\/www.kerngenusshuber.com\/en\/wp-json\/wp\/v2\/pages\/292\/revisions\/2634"}],"wp:attachment":[{"href":"https:\/\/www.kerngenusshuber.com\/en\/wp-json\/wp\/v2\/media?parent=292"}],"curies":[{"name":"wp","href":"https:\/\/api.w.org\/{rel}","templated":true}]}}