{"id":239,"date":"2024-11-01T13:52:06","date_gmt":"2024-11-01T12:52:06","guid":{"rendered":"https:\/\/www.kerngenusshuber.com\/?page_id=239"},"modified":"2025-04-22T15:06:28","modified_gmt":"2025-04-22T13:06:28","slug":"allgemeine-geschaeftsbedingungen","status":"publish","type":"page","link":"https:\/\/www.kerngenusshuber.com\/en\/allgemeine-geschaeftsbedingungen\/","title":{"rendered":"Terms and Conditions"},"content":{"rendered":"<div data-elementor-type=\"wp-page\" data-elementor-id=\"239\" class=\"elementor elementor-239\" data-elementor-post-type=\"page\">\n\t\t\t\t<div class=\"elementor-element elementor-element-d2d934e e-flex e-con-boxed e-con e-parent\" data-id=\"d2d934e\" data-element_type=\"container\" data-e-type=\"container\">\n\t\t\t\t\t<div class=\"e-con-inner\">\n\t\t\t\t<div class=\"elementor-element elementor-element-7d3d72a elementor-widget__width-inherit elementor-widget elementor-widget-heading\" data-id=\"7d3d72a\" data-element_type=\"widget\" data-e-type=\"widget\" data-widget_type=\"heading.default\">\n\t\t\t\t<div class=\"elementor-widget-container\">\n\t\t\t\t\t<h1 class=\"elementor-heading-title elementor-size-default\">Terms and Conditions<\/h1>\t\t\t\t<\/div>\n\t\t\t\t<\/div>\n\t\t\t\t\t<\/div>\n\t\t\t\t<\/div>\n\t\t<div class=\"elementor-element elementor-element-741924f e-flex e-con-boxed e-con e-parent\" data-id=\"741924f\" data-element_type=\"container\" data-e-type=\"container\">\n\t\t\t\t\t<div class=\"e-con-inner\">\n\t\t\t\t<div class=\"elementor-element elementor-element-52eeb26 elementor-widget elementor-widget-text-editor\" data-id=\"52eeb26\" data-element_type=\"widget\" data-e-type=\"widget\" data-widget_type=\"text-editor.default\">\n\t\t\t\t<div class=\"elementor-widget-container\">\n\t\t\t\t\t\t\t\t\t<p>For maximum transparency and clarity, we offer separate Terms and Conditions for consumers (B2C) and business clients (B2B).\nPlease choose the option that applies to you to view the relevant terms.<\/p><p><span style=\"color: #6eaa27;\"><strong>Additional information about shipping:<\/strong><\/span><\/p><p>Free shipping for orders over \u20ac49 is only available to end customers (B2C) in Austria.<\/p>\t\t\t\t\t\t\t\t<\/div>\n\t\t\t\t<\/div>\n\t\t\t\t\t<\/div>\n\t\t\t\t<\/div>\n\t\t<div class=\"elementor-element elementor-element-80fd68d e-flex e-con-boxed e-con e-parent\" data-id=\"80fd68d\" data-element_type=\"container\" data-e-type=\"container\">\n\t\t\t\t\t<div class=\"e-con-inner\">\n\t\t\t\t<div class=\"elementor-element elementor-element-176f9a5 elementor-widget elementor-widget-heading\" data-id=\"176f9a5\" data-element_type=\"widget\" data-e-type=\"widget\" data-widget_type=\"heading.default\">\n\t\t\t\t<div class=\"elementor-widget-container\">\n\t\t\t\t\t<h2 class=\"elementor-heading-title elementor-size-default\">Discounts &amp; Vouchers<\/h2>\t\t\t\t<\/div>\n\t\t\t\t<\/div>\n\t\t\t\t\t<\/div>\n\t\t\t\t<\/div>\n\t\t<div class=\"elementor-element elementor-element-9002f12 e-flex e-con-boxed e-con e-parent\" data-id=\"9002f12\" data-element_type=\"container\" data-e-type=\"container\">\n\t\t\t\t\t<div class=\"e-con-inner\">\n\t\t\t\t<div class=\"elementor-element elementor-element-78c124d elementor-widget elementor-widget-text-editor\" data-id=\"78c124d\" data-element_type=\"widget\" data-e-type=\"widget\" data-widget_type=\"text-editor.default\">\n\t\t\t\t<div class=\"elementor-widget-container\">\n\t\t\t\t\t\t\t\t\t<p class=\"\" data-start=\"159\" data-end=\"380\">Discount promotions, voucher codes, and other benefits are \u2014 unless explicitly stated otherwise \u2013 <strong data-start=\"408\" data-end=\"430\">not combinable<\/strong>.<br data-start=\"431\" data-end=\"434\" \/>Per order, <strong data-start=\"454\" data-end=\"495\">only one discount or voucher code<\/strong> may be used.<\/p><p data-start=\"159\" data-end=\"380\">\u00a0<\/p><p class=\"\" data-start=\"515\" data-end=\"731\">This policy applies to <strong data-start=\"557\" data-end=\"580\">consumers (B2C).<\/strong>.<br data-start=\"581\" data-end=\"584\" \/><strong data-start=\"584\" data-end=\"613\">Business customers (B2B)<\/strong> already receive special terms; therefore, <strong data-start=\"661\" data-end=\"730\">discount promotions and voucher codes cannot be applied additionally<\/strong>.<\/p><p data-start=\"515\" data-end=\"731\">\u00a0<\/p><p class=\"\" data-start=\"733\" data-end=\"818\">Combining multiple discounts or price advantages retroactively is not allowed.<\/p><p data-start=\"159\" data-end=\"380\">\u00a0<\/p>\t\t\t\t\t\t\t\t<\/div>\n\t\t\t\t<\/div>\n\t\t\t\t\t<\/div>\n\t\t\t\t<\/div>\n\t\t<div class=\"elementor-element elementor-element-4084927 e-flex e-con-boxed e-con e-parent\" data-id=\"4084927\" data-element_type=\"container\" data-e-type=\"container\">\n\t\t\t\t\t<div class=\"e-con-inner\">\n\t\t<div class=\"elementor-element elementor-element-a1961f4 e-con-full e-flex e-con e-child\" data-id=\"a1961f4\" data-element_type=\"container\" data-e-type=\"container\" data-settings=\"{&quot;background_background&quot;:&quot;classic&quot;}\">\n\t\t\t\t<div class=\"elementor-element elementor-element-e0217fc elementor-align-center elementor-widget elementor-widget-button\" data-id=\"e0217fc\" data-element_type=\"widget\" data-e-type=\"widget\" data-widget_type=\"button.default\">\n\t\t\t\t<div class=\"elementor-widget-container\">\n\t\t\t\t\t\t\t\t\t<div class=\"elementor-button-wrapper\">\n\t\t\t\t\t<a class=\"elementor-button elementor-button-link elementor-size-sm elementor-animation-grow\" href=\"https:\/\/www.kerngenusshuber.com\/wp-content\/uploads\/2024\/08\/AGB-fuer-Verbraucher-1.pdf\" target=\"_blank\">\n\t\t\t\t\t\t<span class=\"elementor-button-content-wrapper\">\n\t\t\t\t\t\t\t\t\t<span class=\"elementor-button-text\">For B2C (consumer)<\/span>\n\t\t\t\t\t<\/span>\n\t\t\t\t\t<\/a>\n\t\t\t\t<\/div>\n\t\t\t\t\t\t\t\t<\/div>\n\t\t\t\t<\/div>\n\t\t\t\t<\/div>\n\t\t<div class=\"elementor-element elementor-element-6de5dd1 e-con-full e-flex e-con e-child\" data-id=\"6de5dd1\" data-element_type=\"container\" data-e-type=\"container\">\n\t\t\t\t<div class=\"elementor-element elementor-element-4e848c5 elementor-align-center elementor-widget elementor-widget-button\" data-id=\"4e848c5\" data-element_type=\"widget\" data-e-type=\"widget\" data-widget_type=\"button.default\">\n\t\t\t\t<div class=\"elementor-widget-container\">\n\t\t\t\t\t\t\t\t\t<div class=\"elementor-button-wrapper\">\n\t\t\t\t\t<a class=\"elementor-button elementor-button-link elementor-size-sm elementor-animation-grow\" href=\"https:\/\/www.kerngenusshuber.com\/wp-content\/uploads\/2024\/08\/AGB-fuer-Unternehmer-1.pdf\" target=\"_blank\">\n\t\t\t\t\t\t<span class=\"elementor-button-content-wrapper\">\n\t\t\t\t\t\t\t\t\t<span class=\"elementor-button-text\">For B2B (business customer)<\/span>\n\t\t\t\t\t<\/span>\n\t\t\t\t\t<\/a>\n\t\t\t\t<\/div>\n\t\t\t\t\t\t\t\t<\/div>\n\t\t\t\t<\/div>\n\t\t\t\t<\/div>\n\t\t\t\t\t<\/div>\n\t\t\t\t<\/div>\n\t\t\t\t<\/div>","protected":false},"excerpt":{"rendered":"<p>Allgemeine Gesch\u00e4ftsbedingungen Um Ihnen die bestm\u00f6gliche Transparenz und Klarheit zu bieten, haben wir unsere Allgemeinen Gesch\u00e4ftsbedingungen sowhol f\u00fcr Endkunden (B2C) als auch f\u00fcr Gesch\u00e4ftskunden (B2B) bereitgestellt. Bitte w\u00e4hlen Sie die entsprechende Option, um die f\u00fcr Sie relevanten AGB&#8217;s zu \u00f6ffnen. Zus\u00e4tzliche Information zum Versand: Der kostenlose Versand f\u00fcr Bestellungen ab \u20ac49 gilt ausschlie\u00dflich f\u00fcr Endkunden [&hellip;]<\/p>\n","protected":false},"author":1,"featured_media":0,"parent":0,"menu_order":0,"comment_status":"closed","ping_status":"closed","template":"","meta":{"footnotes":""},"class_list":["post-239","page","type-page","status-publish","hentry"],"_links":{"self":[{"href":"https:\/\/www.kerngenusshuber.com\/en\/wp-json\/wp\/v2\/pages\/239","targetHints":{"allow":["GET"]}}],"collection":[{"href":"https:\/\/www.kerngenusshuber.com\/en\/wp-json\/wp\/v2\/pages"}],"about":[{"href":"https:\/\/www.kerngenusshuber.com\/en\/wp-json\/wp\/v2\/types\/page"}],"author":[{"embeddable":true,"href":"https:\/\/www.kerngenusshuber.com\/en\/wp-json\/wp\/v2\/users\/1"}],"replies":[{"embeddable":true,"href":"https:\/\/www.kerngenusshuber.com\/en\/wp-json\/wp\/v2\/comments?post=239"}],"version-history":[{"count":76,"href":"https:\/\/www.kerngenusshuber.com\/en\/wp-json\/wp\/v2\/pages\/239\/revisions"}],"predecessor-version":[{"id":2559,"href":"https:\/\/www.kerngenusshuber.com\/en\/wp-json\/wp\/v2\/pages\/239\/revisions\/2559"}],"wp:attachment":[{"href":"https:\/\/www.kerngenusshuber.com\/en\/wp-json\/wp\/v2\/media?parent=239"}],"curies":[{"name":"wp","href":"https:\/\/api.w.org\/{rel}","templated":true}]}}