{"id":2352,"date":"2025-04-09T10:25:02","date_gmt":"2025-04-09T08:25:02","guid":{"rendered":"https:\/\/www.kerngenusshuber.com\/bezahlmoeglichkeiten\/"},"modified":"2025-10-15T18:12:22","modified_gmt":"2025-10-15T16:12:22","slug":"zahlungundversand","status":"publish","type":"page","link":"https:\/\/www.kerngenusshuber.com\/en\/zahlungundversand\/","title":{"rendered":"Zahlungsarten &amp; Versand"},"content":{"rendered":"<div data-elementor-type=\"wp-page\" data-elementor-id=\"2352\" class=\"elementor elementor-2352\" data-elementor-post-type=\"page\">\n\t\t\t\t<div class=\"elementor-element elementor-element-75f1863 e-flex e-con-boxed e-con e-parent\" data-id=\"75f1863\" data-element_type=\"container\" data-e-type=\"container\">\n\t\t\t\t\t<div class=\"e-con-inner\">\n\t\t\t\t<div class=\"elementor-element elementor-element-c507a5d elementor-widget elementor-widget-heading\" data-id=\"c507a5d\" data-element_type=\"widget\" data-e-type=\"widget\" data-widget_type=\"heading.default\">\n\t\t\t\t<div class=\"elementor-widget-container\">\n\t\t\t\t\t<h1 class=\"elementor-heading-title elementor-size-default\">Zahlungsarten &amp; Versand<\/h1>\t\t\t\t<\/div>\n\t\t\t\t<\/div>\n\t\t\t\t\t<\/div>\n\t\t\t\t<\/div>\n\t\t<div class=\"elementor-element elementor-element-77aa3e2 e-flex e-con-boxed e-con e-parent\" data-id=\"77aa3e2\" data-element_type=\"container\" data-e-type=\"container\">\n\t\t\t\t\t<div class=\"e-con-inner\">\n\t\t\t\t<div class=\"elementor-element elementor-element-0d3d8d7 elementor-widget elementor-widget-heading\" data-id=\"0d3d8d7\" data-element_type=\"widget\" data-e-type=\"widget\" data-widget_type=\"heading.default\">\n\t\t\t\t<div class=\"elementor-widget-container\">\n\t\t\t\t\t<h2 class=\"elementor-heading-title elementor-size-default\">Zahlungsarten<\/h2>\t\t\t\t<\/div>\n\t\t\t\t<\/div>\n\t\t\t\t\t<\/div>\n\t\t\t\t<\/div>\n\t\t<div class=\"elementor-element elementor-element-7365ec80 e-flex e-con-boxed e-con e-parent\" data-id=\"7365ec80\" data-element_type=\"container\" data-e-type=\"container\">\n\t\t\t\t\t<div class=\"e-con-inner\">\n\t\t\t\t<div class=\"elementor-element elementor-element-515c38f3 elementor-widget elementor-widget-shortcode\" data-id=\"515c38f3\" data-element_type=\"widget\" data-e-type=\"widget\" data-widget_type=\"shortcode.default\">\n\t\t\t\t<div class=\"elementor-widget-container\">\n\t\t\t\t\t\t\t<div class=\"elementor-shortcode\"><ul class=\"kerngenuss-zahlungsarten\"><li><strong>Card<\/strong><\/li><li><strong>Direct Bank Transfer<\/strong><br><span style=\"font-size: 0.9em; color: #666;\">\u00dcberweise direkt an unsere Bankverbindung. Bitte nutze die Bestellnummer als Verwendungszweck. Deine Bestellung wird erst nach Geldeingang auf unserem Konto versandt.<\/span><\/li><\/ul><\/div>\n\t\t\t\t\t\t<\/div>\n\t\t\t\t<\/div>\n\t\t\t\t\t<\/div>\n\t\t\t\t<\/div>\n\t\t<div class=\"elementor-element elementor-element-7b0c25d e-flex e-con-boxed e-con e-parent\" data-id=\"7b0c25d\" data-element_type=\"container\" data-e-type=\"container\">\n\t\t\t\t\t<div class=\"e-con-inner\">\n\t\t\t\t<div class=\"elementor-element elementor-element-2ed9019 elementor-widget elementor-widget-heading\" data-id=\"2ed9019\" data-element_type=\"widget\" data-e-type=\"widget\" data-widget_type=\"heading.default\">\n\t\t\t\t<div class=\"elementor-widget-container\">\n\t\t\t\t\t<h2 class=\"elementor-heading-title elementor-size-default\">Versand<\/h2>\t\t\t\t<\/div>\n\t\t\t\t<\/div>\n\t\t\t\t\t<\/div>\n\t\t\t\t<\/div>\n\t\t<div class=\"elementor-element elementor-element-b3988c4 e-flex e-con-boxed e-con e-parent\" data-id=\"b3988c4\" data-element_type=\"container\" data-e-type=\"container\">\n\t\t\t\t\t<div class=\"e-con-inner\">\n\t\t\t\t<div class=\"elementor-element elementor-element-71d9d43 elementor-widget elementor-widget-heading\" data-id=\"71d9d43\" data-element_type=\"widget\" data-e-type=\"widget\" data-widget_type=\"heading.default\">\n\t\t\t\t<div class=\"elementor-widget-container\">\n\t\t\t\t\t<h3 class=\"elementor-heading-title elementor-size-default\">Versandarten<\/h3>\t\t\t\t<\/div>\n\t\t\t\t<\/div>\n\t\t\t\t\t<\/div>\n\t\t\t\t<\/div>\n\t\t<div class=\"elementor-element elementor-element-7b49d57 e-flex e-con-boxed e-con e-parent\" data-id=\"7b49d57\" data-element_type=\"container\" data-e-type=\"container\">\n\t\t\t\t\t<div class=\"e-con-inner\">\n\t\t\t\t<div class=\"elementor-element elementor-element-430d178 elementor-widget elementor-widget-text-editor\" data-id=\"430d178\" data-element_type=\"widget\" data-e-type=\"widget\" data-widget_type=\"text-editor.default\">\n\t\t\t\t<div class=\"elementor-widget-container\">\n\t\t\t\t\t\t\t\t\t<p>Wir versenden unsere Produkte innerhalb \u00d6sterreichs und nach Deutschland mit zuverl\u00e4ssigen Versanddienstleistern wie z.\u202fB. Hermes.<br data-start=\"411\" data-end=\"414\" \/>Alle Pakete beinhalten eine Sendungsverfolgung ohne Zusatzkosten, damit du jederzeit wei\u00dft, wo sich deine Bestellung befindet.<\/p>\t\t\t\t\t\t\t\t<\/div>\n\t\t\t\t<\/div>\n\t\t\t\t\t<\/div>\n\t\t\t\t<\/div>\n\t\t<div class=\"elementor-element elementor-element-6b9fb85 e-flex e-con-boxed e-con e-parent\" data-id=\"6b9fb85\" data-element_type=\"container\" data-e-type=\"container\">\n\t\t\t\t\t<div class=\"e-con-inner\">\n\t\t\t\t<div class=\"elementor-element elementor-element-c23e816 elementor-widget elementor-widget-heading\" data-id=\"c23e816\" data-element_type=\"widget\" data-e-type=\"widget\" data-widget_type=\"heading.default\">\n\t\t\t\t<div class=\"elementor-widget-container\">\n\t\t\t\t\t<h3 class=\"elementor-heading-title elementor-size-default\">Lieferzeit<\/h3>\t\t\t\t<\/div>\n\t\t\t\t<\/div>\n\t\t\t\t\t<\/div>\n\t\t\t\t<\/div>\n\t\t<div class=\"elementor-element elementor-element-55e2200 e-flex e-con-boxed e-con e-parent\" data-id=\"55e2200\" data-element_type=\"container\" data-e-type=\"container\">\n\t\t\t\t\t<div class=\"e-con-inner\">\n\t\t\t\t<div class=\"elementor-element elementor-element-e877e8a elementor-widget elementor-widget-text-editor\" data-id=\"e877e8a\" data-element_type=\"widget\" data-e-type=\"widget\" data-widget_type=\"text-editor.default\">\n\t\t\t\t<div class=\"elementor-widget-container\">\n\t\t\t\t\t\t\t\t\t<ul><li data-start=\"470\" data-end=\"500\"><strong data-start=\"470\" data-end=\"485\">\u00d6sterreich:<\/strong> 3-5 Werktage<\/li><li data-start=\"503\" data-end=\"532\"><strong data-start=\"503\" data-end=\"519\">Deutschland:<\/strong> 5-7 Werktage<\/li><\/ul>\t\t\t\t\t\t\t\t<\/div>\n\t\t\t\t<\/div>\n\t\t\t\t\t<\/div>\n\t\t\t\t<\/div>\n\t\t<div class=\"elementor-element elementor-element-d489fdc e-flex e-con-boxed e-con e-parent\" data-id=\"d489fdc\" data-element_type=\"container\" data-e-type=\"container\">\n\t\t\t\t\t<div class=\"e-con-inner\">\n\t\t\t\t<div class=\"elementor-element elementor-element-ff3a305 elementor-widget elementor-widget-text-editor\" data-id=\"ff3a305\" data-element_type=\"widget\" data-e-type=\"widget\" data-widget_type=\"text-editor.default\">\n\t\t\t\t<div class=\"elementor-widget-container\">\n\t\t\t\t\t\t\t\t\t<p>Die Lieferzeit beginnt nach Zahlungseingang. An Sonn- und Feiertagen erfolgt keine Zustellung.<\/p>\t\t\t\t\t\t\t\t<\/div>\n\t\t\t\t<\/div>\n\t\t\t\t\t<\/div>\n\t\t\t\t<\/div>\n\t\t<div class=\"elementor-element elementor-element-16b416d e-flex e-con-boxed e-con e-parent\" data-id=\"16b416d\" data-element_type=\"container\" data-e-type=\"container\">\n\t\t\t\t\t<div class=\"e-con-inner\">\n\t\t\t\t<div class=\"elementor-element elementor-element-dd68e29 elementor-widget elementor-widget-heading\" data-id=\"dd68e29\" data-element_type=\"widget\" data-e-type=\"widget\" data-widget_type=\"heading.default\">\n\t\t\t\t<div class=\"elementor-widget-container\">\n\t\t\t\t\t<h3 class=\"elementor-heading-title elementor-size-default\">Versandkosten<\/h3>\t\t\t\t<\/div>\n\t\t\t\t<\/div>\n\t\t\t\t\t<\/div>\n\t\t\t\t<\/div>\n\t\t<div class=\"elementor-element elementor-element-137a8f5 e-flex e-con-boxed e-con e-parent\" data-id=\"137a8f5\" data-element_type=\"container\" data-e-type=\"container\">\n\t\t\t\t\t<div class=\"e-con-inner\">\n\t\t\t\t<div class=\"elementor-element elementor-element-af68cd1 elementor-widget elementor-widget-text-editor\" data-id=\"af68cd1\" data-element_type=\"widget\" data-e-type=\"widget\" data-widget_type=\"text-editor.default\">\n\t\t\t\t<div class=\"elementor-widget-container\">\n\t\t\t\t\t\t\t\t\t<ul><li class=\"\" data-start=\"655\" data-end=\"690\"><p class=\"\" data-start=\"657\" data-end=\"690\"><strong data-start=\"657\" data-end=\"672\">\u00d6sterreich:<\/strong> 4,60 \u20ac<\/p><\/li><li class=\"\" data-start=\"691\" data-end=\"727\"><p class=\"\" data-start=\"693\" data-end=\"727\"><strong data-start=\"693\" data-end=\"709\">Deutschland:<\/strong> 11,10\u202f\u20ac<\/p><\/li><li class=\"\" data-start=\"728\" data-end=\"785\"><p class=\"\" data-start=\"730\" data-end=\"785\"><strong data-start=\"730\" data-end=\"751\">Versandkostenfrei<\/strong> ab einem Bestellwert <br \/>von <strong data-start=\"777\" data-end=\"785\">49 \u20ac f\u00fcr AUT.<\/strong><\/p><\/li><\/ul>\t\t\t\t\t\t\t\t<\/div>\n\t\t\t\t<\/div>\n\t\t\t\t\t<\/div>\n\t\t\t\t<\/div>\n\t\t<div class=\"elementor-element elementor-element-5088992 e-flex e-con-boxed e-con e-parent\" data-id=\"5088992\" data-element_type=\"container\" data-e-type=\"container\">\n\t\t\t\t\t<div class=\"e-con-inner\">\n\t\t\t\t<div class=\"elementor-element elementor-element-48fe802 elementor-widget elementor-widget-text-editor\" data-id=\"48fe802\" data-element_type=\"widget\" data-e-type=\"widget\" data-widget_type=\"text-editor.default\">\n\t\t\t\t<div class=\"elementor-widget-container\">\n\t\t\t\t\t\t\t\t\t<p>Die Versandkosten werden im Warenkorb automatisch berechnet.<\/p>\t\t\t\t\t\t\t\t<\/div>\n\t\t\t\t<\/div>\n\t\t\t\t\t<\/div>\n\t\t\t\t<\/div>\n\t\t<div class=\"elementor-element elementor-element-fbafa77 e-flex e-con-boxed e-con e-parent\" data-id=\"fbafa77\" data-element_type=\"container\" data-e-type=\"container\">\n\t\t\t\t\t<div class=\"e-con-inner\">\n\t\t\t\t<div class=\"elementor-element elementor-element-9a160c2 elementor-widget elementor-widget-text-editor\" data-id=\"9a160c2\" data-element_type=\"widget\" data-e-type=\"widget\" data-widget_type=\"text-editor.default\">\n\t\t\t\t<div class=\"elementor-widget-container\">\n\t\t\t\t\t\t\t\t\t<p>Derzeit liefern wir ausschlie\u00dflich innerhalb \u00d6sterreichs und Deutschlands. Eine Lieferung an Packstationen ist nicht m\u00f6glich.<\/p>\t\t\t\t\t\t\t\t<\/div>\n\t\t\t\t<\/div>\n\t\t\t\t\t<\/div>\n\t\t\t\t<\/div>\n\t\t\t\t<\/div>","protected":false},"excerpt":{"rendered":"<p>Zahlungsarten &amp; Versand Zahlungsarten Versand Versandarten Wir versenden unsere Produkte innerhalb \u00d6sterreichs und nach Deutschland mit zuverl\u00e4ssigen Versanddienstleistern wie z.\u202fB. Hermes.Alle Pakete beinhalten eine Sendungsverfolgung ohne Zusatzkosten, damit du jederzeit wei\u00dft, wo sich deine Bestellung befindet. Lieferzeit \u00d6sterreich: 3-5 Werktage Deutschland: 5-7 Werktage Die Lieferzeit beginnt nach Zahlungseingang. An Sonn- und Feiertagen erfolgt keine Zustellung. [&hellip;]<\/p>\n","protected":false},"author":1,"featured_media":0,"parent":0,"menu_order":0,"comment_status":"closed","ping_status":"closed","template":"","meta":{"footnotes":""},"class_list":["post-2352","page","type-page","status-publish","hentry"],"_links":{"self":[{"href":"https:\/\/www.kerngenusshuber.com\/en\/wp-json\/wp\/v2\/pages\/2352","targetHints":{"allow":["GET"]}}],"collection":[{"href":"https:\/\/www.kerngenusshuber.com\/en\/wp-json\/wp\/v2\/pages"}],"about":[{"href":"https:\/\/www.kerngenusshuber.com\/en\/wp-json\/wp\/v2\/types\/page"}],"author":[{"embeddable":true,"href":"https:\/\/www.kerngenusshuber.com\/en\/wp-json\/wp\/v2\/users\/1"}],"replies":[{"embeddable":true,"href":"https:\/\/www.kerngenusshuber.com\/en\/wp-json\/wp\/v2\/comments?post=2352"}],"version-history":[{"count":20,"href":"https:\/\/www.kerngenusshuber.com\/en\/wp-json\/wp\/v2\/pages\/2352\/revisions"}],"predecessor-version":[{"id":2708,"href":"https:\/\/www.kerngenusshuber.com\/en\/wp-json\/wp\/v2\/pages\/2352\/revisions\/2708"}],"wp:attachment":[{"href":"https:\/\/www.kerngenusshuber.com\/en\/wp-json\/wp\/v2\/media?parent=2352"}],"curies":[{"name":"wp","href":"https:\/\/api.w.org\/{rel}","templated":true}]}}